{"id":236,"date":"2018-01-03T16:44:24","date_gmt":"2018-01-03T15:44:24","guid":{"rendered":"https:\/\/foegrasl.de\/?page_id=236"},"modified":"2024-04-25T10:03:57","modified_gmt":"2024-04-25T08:03:57","slug":"impressum","status":"publish","type":"page","link":"https:\/\/foegrasl.de\/?page_id=236","title":{"rendered":"Impressum"},"content":{"rendered":"<div id=\"content\">\n<h3>F\u00f6rdergesellschaft des Rotary-Club\u00a0Aschersleben e.V.<\/h3>\n<ul>\n<li style=\"list-style-type: none;\">\n<ul>\n<li>eingetragen im Vereinsregister: Amtsgericht Stendal VR 36326<\/li>\n<\/ul>\n<\/li>\n<\/ul>\n<ul>\n<li style=\"list-style-type: none;\">\n<ul>\n<li>E-Mail: foegrasl@t-online.de<\/li>\n<\/ul>\n<\/li>\n<\/ul>\n<ul>\n<li style=\"list-style-type: none;\">\n<ul>\n<li>Steuernummer: 117\/142\/01087<\/li>\n<\/ul>\n<\/li>\n<\/ul>\n<h3>Vorstand:<\/h3>\n<ul>\n<li style=\"list-style-type: none;\">\n<ul>\n<li>Dipl.-Kfm. Jens Schwarz (Vorsitzender)<\/li>\n<li>Rechtsanwalt Manfred K\u00fchn<\/li>\n<li>Dr. Eric Weise<\/li>\n<\/ul>\n<\/li>\n<\/ul>\n<p>Wir sind wegen F\u00f6rderung des \u00f6ffentlichen Gesundheitswesen und der Gesundheitspflege, der Jugend- und Altenhilfe, der F\u00f6rderung von Kunst, Kultur, Erziehung, der Volks- und Berufsbildung sowie Studentenhilfe und der F\u00f6rderung internationaler Gesinnung, der Toleranz auf allen Gebieten der Kultur und des V\u00f6lkerverst\u00e4ndigungsgedankens nach dem Freistellungsbescheid bzw. nach der Anlage zum K\u00f6rperschaftsteuerbescheid des Finanzamtes Quedlinburg StNr. 117 \/ 142 \/ 01087 K 242, vom 16.04.2024 f\u00fcr den letzten Veranlagungszeitraum 2020 \u2013 2022 nach \u00a7 5 Abs. 1 Nr. 9 des K\u00f6rperschaftsteuergesetzes von der K\u00f6rperschaftsteuer und nach \u00a7 3 Nr. 6 des Gewerbesteuergesetzes von der Gewerbesteuer befreit.<\/p>\n<\/div>\n<div class=\"clear\">\n<div id=\"content\">\n<h3>Impressum<\/h3>\n<ul>\n<li style=\"list-style-type: none;\">\n<ul>\n<li>Angaben gem\u00e4\u00df \u00a7 5 TMG<\/li>\n<\/ul>\n<\/li>\n<\/ul>\n<ul>\n<li style=\"list-style-type: none;\">\n<ul>\n<li>F\u00f6rdergesellschaft des Rotary Club Aschersleben e.V.<\/li>\n<li>\u00dcber der Eine 10 B<\/li>\n<li>06449 Aschersleben<\/li>\n<\/ul>\n<\/li>\n<\/ul>\n<h3>vertreten durch<\/h3>\n<ul>\n<li style=\"list-style-type: none;\">\n<ul>\n<li>Dipl.-Kfm. Jens Schwarz, Dr. Heinz Schmidt, Dr. Eric Weise<\/li>\n<\/ul>\n<\/li>\n<\/ul>\n<h3>Kontakt<\/h3>\n<ul>\n<li style=\"list-style-type: none;\">\n<ul>\n<li>Telefon: 03473-816318<\/li>\n<li>Telefax: 03473-914661<\/li>\n<li>E-Mail: foegrasl@t-online.de<\/li>\n<li>Internetadresse: https:\/\/www.foegrasl.de\/<\/li>\n<\/ul>\n<\/li>\n<\/ul>\n<h3>Registereintrag<\/h3>\n<ul>\n<li style=\"list-style-type: none;\">\n<ul>\n<li>Eintragung im Vereinsregister<\/li>\n<li>Registernummer: VR 36326<\/li>\n<li>Registergericht: Amtsgericht Stendal<\/li>\n<\/ul>\n<\/li>\n<\/ul>\n<h3>Haftungsausschluss<\/h3>\n<h4>Haftung f\u00fcr Inhalte:<\/h4>\n<p>Die Inhalte unserer Seiten wurden mit gr\u00f6\u00dfter Sorgfalt erstellt. F\u00fcr die Richtigkeit, Vollst\u00e4ndigkeit und Aktualit\u00e4t der Inhalte k\u00f6nnen wir jedoch keine Gew\u00e4hr \u00fcbernehmen. Als Diensteanbieter sind wir gem\u00e4\u00df \u00a7 7 Abs.1 TMG f\u00fcr eigene Inhalte auf diesen Seiten nach den allgemeinen Gesetzen verantwortlich. Nach \u00a7\u00a7 8 bis 10 TMG sind wir als Diensteanbieter jedoch nicht verpflichtet, \u00fcbermittelte oder gespeicherte fremde Informationen zu \u00fcberwachen oder nach Umst\u00e4nden zu forschen, die auf eine rechtswidrige T\u00e4tigkeit hinweisen. Verpflichtungen zur Entfernung oder Sperrung der Nutzung von Informationen nach den allgemeinen Gesetzen bleiben hiervon unber\u00fchrt. Eine diesbez\u00fcgliche Haftung ist jedoch erst ab dem Zeitpunkt der Kenntnis einer konkreten Rechtsverletzung m\u00f6glich. Bei Bekanntwerden von entsprechenden Rechtsverletzungen werden wir diese Inhalte umgehend entfernen.<\/p>\n<h4>Haftung f\u00fcr Links:<\/h4>\n<p>Unser Angebot enth\u00e4lt Links zu externen Webseiten Dritter, auf deren Inhalte wir keinen Einfluss haben. Deshalb k\u00f6nnen wir f\u00fcr diese fremden Inhalte auch keine Gew\u00e4hr \u00fcbernehmen. F\u00fcr die Inhalte der verlinkten Seiten ist stets der jeweilige Anbieter oder Betreiber der Seiten verantwortlich. Die verlinkten Seiten wurden zum Zeitpunkt der Verlinkung auf m\u00f6gliche Rechtsverst\u00f6\u00dfe \u00fcberpr\u00fcft. Rechtswidrige Inhalte waren zum Zeitpunkt der Verlinkung nicht erkennbar. Eine permanente inhaltliche Kontrolle der verlinkten Seiten ist jedoch ohne konkrete Anhaltspunkte einer Rechtsverletzung nicht zumutbar. Bei Bekanntwerden von Rechtsverletzungen werden wir derartige Links umgehend entfernen. Urheberrecht Die durch die Seitenbetreiber erstellten bzw. verwendeten Inhalte und Werke auf diesen Seiten unterliegen dem deutschen Urheberrecht. Die Vervielf\u00e4ltigung, Bearbeitung, Verbreitung und jede Art der Verwertung au\u00dferhalb der Grenzen des Urheberrechtes bed\u00fcrfen der Zustimmung des jeweiligen Autors bzw. Erstellers. Downloads und Kopien dieser Seite sind nur f\u00fcr den privaten, nicht kommerziellen Gebrauch gestattet. Soweit die Inhalte auf dieser Seite nicht vom Betreiber erstellt wurden, werden die Urheberrechte Dritter beachtet. Insbesondere werden Inhalte Dritter als solche gekennzeichnet. Sollten Sie trotzdem auf eine Urheberrechtsverletzung aufmerksam werden, bitten wir um einen entsprechenden Hinweis. Bei Bekanntwerden von Rechtsverletzungen werden wir derartige Inhalte umgehend entfernen. Quelle: www.muster-vorlagen.net<\/p>\n<\/div>\n<\/div>\n","protected":false},"excerpt":{"rendered":"<p>F\u00f6rdergesellschaft des Rotary-Club\u00a0Aschersleben e.V. eingetragen im Vereinsregister: Amtsgericht Stendal VR 36326 E-Mail: foegrasl@t-online.de Steuernummer: 117\/142\/01087 Vorstand: Dipl.-Kfm. Jens Schwarz (Vorsitzender) Rechtsanwalt Manfred K\u00fchn Dr. Eric Weise Wir sind wegen F\u00f6rderung des \u00f6ffentlichen Gesundheitswesen und der Gesundheitspflege, der Jugend- und Altenhilfe, der F\u00f6rderung von Kunst, Kultur, Erziehung, der Volks- und Berufsbildung sowie Studentenhilfe und der F\u00f6rderung &hellip; <a href=\"https:\/\/foegrasl.de\/?page_id=236\" class=\"more-link\">Continue reading<span class=\"screen-reader-text\"> &#8222;Impressum&#8220;<\/span><\/a><\/p>\n","protected":false},"author":1,"featured_media":0,"parent":0,"menu_order":0,"comment_status":"closed","ping_status":"closed","template":"","meta":{"footnotes":""},"class_list":["post-236","page","type-page","status-publish","hentry","custom-background-image","group-blog","hfeed"],"_links":{"self":[{"href":"https:\/\/foegrasl.de\/index.php?rest_route=\/wp\/v2\/pages\/236","targetHints":{"allow":["GET"]}}],"collection":[{"href":"https:\/\/foegrasl.de\/index.php?rest_route=\/wp\/v2\/pages"}],"about":[{"href":"https:\/\/foegrasl.de\/index.php?rest_route=\/wp\/v2\/types\/page"}],"author":[{"embeddable":true,"href":"https:\/\/foegrasl.de\/index.php?rest_route=\/wp\/v2\/users\/1"}],"replies":[{"embeddable":true,"href":"https:\/\/foegrasl.de\/index.php?rest_route=%2Fwp%2Fv2%2Fcomments&post=236"}],"version-history":[{"count":7,"href":"https:\/\/foegrasl.de\/index.php?rest_route=\/wp\/v2\/pages\/236\/revisions"}],"predecessor-version":[{"id":772,"href":"https:\/\/foegrasl.de\/index.php?rest_route=\/wp\/v2\/pages\/236\/revisions\/772"}],"wp:attachment":[{"href":"https:\/\/foegrasl.de\/index.php?rest_route=%2Fwp%2Fv2%2Fmedia&parent=236"}],"curies":[{"name":"wp","href":"https:\/\/api.w.org\/{rel}","templated":true}]}}