{"id":233,"date":"2018-01-03T16:43:57","date_gmt":"2018-01-03T15:43:57","guid":{"rendered":"https:\/\/foegrasl.de\/?page_id=233"},"modified":"2023-05-22T10:19:29","modified_gmt":"2023-05-22T08:19:29","slug":"spenden","status":"publish","type":"page","link":"https:\/\/foegrasl.de\/?page_id=233","title":{"rendered":"Spenden"},"content":{"rendered":"<h3>Sie wollen unsere Arbeit unterst\u00fctzen? Dann richten Sie eine Spende an unseren F\u00f6rderverein.<\/h3>\n<p><em>Ganz klassisch per \u00dcberweisung:&nbsp;&nbsp;&nbsp;<\/em><\/p>\n<p><strong>Spendenkonto:&nbsp;&nbsp;&nbsp;&nbsp;&nbsp;&nbsp;&nbsp;&nbsp;&nbsp;&nbsp;&nbsp;&nbsp;&nbsp;&nbsp;<\/strong>&nbsp;&nbsp;&nbsp;&nbsp;&nbsp;&nbsp;&nbsp;&nbsp;&nbsp;&nbsp;&nbsp;&nbsp;&nbsp;&nbsp;&nbsp;&nbsp;&nbsp;&nbsp;&nbsp;&nbsp;&nbsp;&nbsp;&nbsp;&nbsp;&nbsp;&nbsp;&nbsp;&nbsp;&nbsp;&nbsp; <\/p>\n<p><strong>IBAN: DE50800555003034104340&nbsp;&nbsp;&nbsp;&nbsp;&nbsp;&nbsp;&nbsp;&nbsp;&nbsp;&nbsp; BIC: NOLADE21SES&nbsp;&nbsp;&nbsp;&nbsp;&nbsp;&nbsp;&nbsp;&nbsp;&nbsp;&nbsp; Salzlandsparkasse<\/strong><\/p>\n<p><em>Ganz modern:<\/em><\/p>\n\n\n<div class=\"wp-block-media-text alignwide is-stacked-on-mobile\" style=\"grid-template-columns:39% auto\"><figure class=\"wp-block-media-text__media\"><img loading=\"lazy\" decoding=\"async\" width=\"182\" height=\"182\" src=\"https:\/\/foegrasl.de\/wp-content\/uploads\/2023\/05\/QR-Code.png\" alt=\"\" class=\"wp-image-758 size-full\" srcset=\"https:\/\/foegrasl.de\/wp-content\/uploads\/2023\/05\/QR-Code.png 182w, https:\/\/foegrasl.de\/wp-content\/uploads\/2023\/05\/QR-Code-150x150.png 150w\" sizes=\"auto, (max-width: 182px) 100vw, 182px\" \/><\/figure><div class=\"wp-block-media-text__content\">\n<p class=\"has-large-font-size\"><a href=\"https:\/\/www.paypal.com\/donate\/?hosted_button_id=VPVWVW7T4HNGA\" data-type=\"URL\" data-id=\"https:\/\/www.paypal.com\/donate\/?hosted_button_id=VPVWVW7T4HNGA\" target=\"_blank\" rel=\"noreferrer noopener\">per PayPal<\/a><\/p>\n<\/div><\/div>\n\n\n\n<p><\/p>\n\n\n\n<p class=\"has-large-font-size\"><strong>Auf jeden Fall Dankesch\u00f6n!<\/strong><\/p>\n","protected":false},"excerpt":{"rendered":"<p>Sie wollen unsere Arbeit unterst\u00fctzen? Dann richten Sie eine Spende an unseren F\u00f6rderverein. Ganz klassisch per \u00dcberweisung:&nbsp;&nbsp;&nbsp; Spendenkonto:&nbsp;&nbsp;&nbsp;&nbsp;&nbsp;&nbsp;&nbsp;&nbsp;&nbsp;&nbsp;&nbsp;&nbsp;&nbsp;&nbsp;&nbsp;&nbsp;&nbsp;&nbsp;&nbsp;&nbsp;&nbsp;&nbsp;&nbsp;&nbsp;&nbsp;&nbsp;&nbsp;&nbsp;&nbsp;&nbsp;&nbsp;&nbsp;&nbsp;&nbsp;&nbsp;&nbsp;&nbsp;&nbsp;&nbsp;&nbsp;&nbsp;&nbsp;&nbsp;&nbsp; IBAN: DE50800555003034104340&nbsp;&nbsp;&nbsp;&nbsp;&nbsp;&nbsp;&nbsp;&nbsp;&nbsp;&nbsp; BIC: NOLADE21SES&nbsp;&nbsp;&nbsp;&nbsp;&nbsp;&nbsp;&nbsp;&nbsp;&nbsp;&nbsp; Salzlandsparkasse Ganz modern: per PayPal Auf jeden Fall Dankesch\u00f6n!<\/p>\n","protected":false},"author":1,"featured_media":0,"parent":0,"menu_order":0,"comment_status":"closed","ping_status":"closed","template":"","meta":{"footnotes":""},"class_list":["post-233","page","type-page","status-publish","hentry","custom-background-image","group-blog","hfeed"],"_links":{"self":[{"href":"https:\/\/foegrasl.de\/index.php?rest_route=\/wp\/v2\/pages\/233","targetHints":{"allow":["GET"]}}],"collection":[{"href":"https:\/\/foegrasl.de\/index.php?rest_route=\/wp\/v2\/pages"}],"about":[{"href":"https:\/\/foegrasl.de\/index.php?rest_route=\/wp\/v2\/types\/page"}],"author":[{"embeddable":true,"href":"https:\/\/foegrasl.de\/index.php?rest_route=\/wp\/v2\/users\/1"}],"replies":[{"embeddable":true,"href":"https:\/\/foegrasl.de\/index.php?rest_route=%2Fwp%2Fv2%2Fcomments&post=233"}],"version-history":[{"count":10,"href":"https:\/\/foegrasl.de\/index.php?rest_route=\/wp\/v2\/pages\/233\/revisions"}],"predecessor-version":[{"id":759,"href":"https:\/\/foegrasl.de\/index.php?rest_route=\/wp\/v2\/pages\/233\/revisions\/759"}],"wp:attachment":[{"href":"https:\/\/foegrasl.de\/index.php?rest_route=%2Fwp%2Fv2%2Fmedia&parent=233"}],"curies":[{"name":"wp","href":"https:\/\/api.w.org\/{rel}","templated":true}]}}